{"id":8536,"date":"2019-09-01T13:16:03","date_gmt":"2019-09-01T17:16:03","guid":{"rendered":"http:\/\/www.ea.aw\/catalog\/?page_id=8536"},"modified":"2022-12-14T07:03:33","modified_gmt":"2022-12-14T11:03:33","slug":"whizz-art-basisonderwijs","status":"publish","type":"page","link":"https:\/\/ea.aw\/catalog\/whizz-art-basisonderwijs\/","title":{"rendered":"Whizz-Art &#8211; Basisonderwijs"},"content":{"rendered":"<p>Metodo pa Orientacion riba mundo y Arte.<\/p>\n<p class=\"btn\"><a class=\"button password\" href=\"https:\/\/ea.aw\/catalog\/whizz-art-leerjaar-1\/\">A\u00d1A 1<\/a><\/p>\n<p class=\"btn\"><a class=\"button password\" href=\"https:\/\/ea.aw\/catalog\/whizz-art-leerjaar-2\/\">A\u00d1A 2<\/a><\/p>\n<p class=\"btn\"><a class=\"button password\" href=\"https:\/\/ea.aw\/catalog\/whizz-art-leerjaar-3\/\">A\u00d1A 3<\/a><\/p>\n<p class=\"btn\"><a class=\"button password\" href=\"https:\/\/ea.aw\/catalog\/whizz-art-leerjaar-4\/\">A\u00d1A 4<\/a><\/p>\n<p class=\"btn\"><a class=\"button password\" href=\"https:\/\/ea.aw\/catalog\/whizz-art-leerjaar-5\/\">A\u00d1A 5<\/a><\/p>\n<p class=\"btn\"><a class=\"button password\" href=\"https:\/\/ea.aw\/catalog\/whizz-art-leerjaar-6\/\">A\u00d1A 6<\/a><\/p>\n","protected":false},"excerpt":{"rendered":"<p>Metodo pa Orientacion riba mundo y Arte. A\u00d1A 1 A\u00d1A 2 A\u00d1A 3 A\u00d1A 4 A\u00d1A 5 A\u00d1A 6<\/p>\n","protected":false},"author":242,"featured_media":8616,"parent":0,"menu_order":0,"comment_status":"closed","ping_status":"closed","template":"page-mainitem.php","meta":{"footnotes":""},"categories":[29,45],"tags":[],"class_list":["post-8536","page","type-page","status-publish","has-post-thumbnail","hentry","category-ensenansa-basico-special","category-metodo-y-material-pa-formacion-general"],"_links":{"self":[{"href":"https:\/\/ea.aw\/catalog\/wp-json\/wp\/v2\/pages\/8536","targetHints":{"allow":["GET"]}}],"collection":[{"href":"https:\/\/ea.aw\/catalog\/wp-json\/wp\/v2\/pages"}],"about":[{"href":"https:\/\/ea.aw\/catalog\/wp-json\/wp\/v2\/types\/page"}],"author":[{"embeddable":true,"href":"https:\/\/ea.aw\/catalog\/wp-json\/wp\/v2\/users\/242"}],"replies":[{"embeddable":true,"href":"https:\/\/ea.aw\/catalog\/wp-json\/wp\/v2\/comments?post=8536"}],"version-history":[{"count":29,"href":"https:\/\/ea.aw\/catalog\/wp-json\/wp\/v2\/pages\/8536\/revisions"}],"predecessor-version":[{"id":13785,"href":"https:\/\/ea.aw\/catalog\/wp-json\/wp\/v2\/pages\/8536\/revisions\/13785"}],"wp:featuredmedia":[{"embeddable":true,"href":"https:\/\/ea.aw\/catalog\/wp-json\/wp\/v2\/media\/8616"}],"wp:attachment":[{"href":"https:\/\/ea.aw\/catalog\/wp-json\/wp\/v2\/media?parent=8536"}],"wp:term":[{"taxonomy":"category","embeddable":true,"href":"https:\/\/ea.aw\/catalog\/wp-json\/wp\/v2\/categories?post=8536"},{"taxonomy":"post_tag","embeddable":true,"href":"https:\/\/ea.aw\/catalog\/wp-json\/wp\/v2\/tags?post=8536"}],"curies":[{"name":"wp","href":"https:\/\/api.w.org\/{rel}","templated":true}]}}