{"id":7194,"date":"2020-04-06T14:40:44","date_gmt":"2020-04-06T18:40:44","guid":{"rendered":"http:\/\/www.ea.aw\/catalog\/?page_id=7194"},"modified":"2020-04-16T14:25:21","modified_gmt":"2020-04-16T18:25:21","slug":"brincamos-segundo-grado-tema-4","status":"publish","type":"page","link":"https:\/\/ea.aw\/catalog\/brincamos\/brincamos-segundo-grado-tema-4\/","title":{"rendered":"Brincamos &#8211; Segundo grado &#8211; Tema 4"},"content":{"rendered":"<table class=\"layout centered\" style=\"width: 100%;\" width=\"100%\">\n<tbody>\n<tr>\n<td style=\"width: 25%;\" align=\"center\" width=\"25%\"><div class=\"_df_thumb \" id=\"df_7317\"  wpoptions=\"true\" thumb=\"https:\/\/ea.aw\/catalog\/wp-content\/uploads\/2020\/04\/image-manual-tema-4-1.png\" >Brincamos &#8211; Segundo grado &#8211; tema 4 &#8211; Manual<\/div><script data-cfasync=\"false\">var option_df_7317 = {\"outline\":[],\"forceFit\":\"true\",\"autoEnableOutline\":\"false\",\"autoEnableThumbnail\":\"false\",\"overwritePDFOutline\":\"false\",\"direction\":\"1\",\"pageMode\":\"0\",\"source\":\"https:\\\/\\\/ea.aw\\\/catalog\\\/wp-content\\\/uploads\\\/2020\\\/04\\\/TEMA-4-2.pdf\",\"wpOptions\":\"true\"}; if(window.DFLIP && DFLIP.parseBooks){DFLIP.parseBooks();}<\/script><\/p>\n<h3><a href=\"https:\/\/ea.aw\/catalog\/wp-content\/uploads\/2020\/04\/TEMA-4-2.pdf\" target=\"_blank\" rel=\"noopener noreferrer\">Manual\u00a0<\/a><\/h3>\n<\/td>\n<td style=\"width: 25%;\" align=\"center\" width=\"25%\"><div class=\"_df_thumb \" id=\"df_7316\"  wpoptions=\"true\" thumb=\"https:\/\/ea.aw\/catalog\/wp-content\/uploads\/2020\/04\/image-hojas-de-actividad-tema-4-1.png\" >Brincamos &#8211; Segundo grado &#8211; tema 4 &#8211; Hoja de actividad<\/div><script data-cfasync=\"false\">var option_df_7316 = {\"outline\":[],\"forceFit\":\"true\",\"autoEnableOutline\":\"false\",\"autoEnableThumbnail\":\"false\",\"overwritePDFOutline\":\"false\",\"direction\":\"1\",\"pageMode\":\"0\",\"source\":\"https:\\\/\\\/ea.aw\\\/catalog\\\/wp-content\\\/uploads\\\/2020\\\/04\\\/Hojas-de-actividad-Tema-4-2.pdf\",\"wpOptions\":\"true\"}; if(window.DFLIP && DFLIP.parseBooks){DFLIP.parseBooks();}<\/script><\/p>\n<h3><a href=\"https:\/\/ea.aw\/catalog\/wp-content\/uploads\/2020\/04\/Hojas-de-actividad-Tema-4-2.pdf\" target=\"_blank\" rel=\"noopener noreferrer\">Hojas de actividad<\/a><\/h3>\n<h3><\/h3>\n<\/td>\n<td style=\"width: 25%;\" align=\"center\" width=\"25%\"><div class=\"_df_thumb \" id=\"df_7270\"  wpoptions=\"true\" thumb=\"https:\/\/ea.aw\/catalog\/wp-content\/uploads\/2020\/04\/image-tableros-tema-4-1.png\" >Brincamos &#8211; segundo grado &#8211; tema 4 &#8211; Tableros<\/div><script data-cfasync=\"false\">var option_df_7270 = {\"outline\":[],\"forceFit\":\"true\",\"autoEnableOutline\":\"false\",\"autoEnableThumbnail\":\"false\",\"overwritePDFOutline\":\"false\",\"direction\":\"1\",\"pageMode\":\"0\",\"source\":\"https:\\\/\\\/ea.aw\\\/catalog\\\/wp-content\\\/uploads\\\/2020\\\/04\\\/Tableros-Tema-4-1.pdf\",\"wpOptions\":\"true\"}; if(window.DFLIP && DFLIP.parseBooks){DFLIP.parseBooks();}<\/script><\/p>\n<h3><a href=\"https:\/\/ea.aw\/catalog\/wp-content\/uploads\/2020\/04\/Tableros-Tema-4-1.pdf\" target=\"_blank\" rel=\"noopener noreferrer\">Tableros<\/a><\/h3>\n<\/td>\n<\/tr>\n<\/tbody>\n<\/table>\n<table class=\"layout centered\" style=\"width: 100%;\" width=\"100%\">\n<tbody>\n<tr>\n<td style=\"width: 33.1%;\" align=\"center\"><div class=\"_df_thumb \" id=\"df_7268\"  wpoptions=\"true\" thumb=\"https:\/\/ea.aw\/catalog\/wp-content\/uploads\/2020\/04\/image-tarjetas-medianas-tema-4-1.png\" >Brincamos &#8211; segundo grado &#8211; tema 4 &#8211; tarjetas medianas<\/div><script data-cfasync=\"false\">var option_df_7268 = {\"outline\":[],\"forceFit\":\"true\",\"autoEnableOutline\":\"false\",\"autoEnableThumbnail\":\"false\",\"overwritePDFOutline\":\"false\",\"direction\":\"1\",\"pageMode\":\"0\",\"source\":\"https:\\\/\\\/ea.aw\\\/catalog\\\/wp-content\\\/uploads\\\/2020\\\/04\\\/Tarjetas-medianas-Tema-4-1.pdf\",\"wpOptions\":\"true\"}; if(window.DFLIP && DFLIP.parseBooks){DFLIP.parseBooks();}<\/script><\/p>\n<h3><a href=\"https:\/\/ea.aw\/catalog\/wp-content\/uploads\/2020\/04\/Tarjetas-medianas-Tema-4-1.pdf\" target=\"_blank\" rel=\"noopener noreferrer\">Tarjetas medianas<\/a><\/h3>\n<\/td>\n<td style=\"width: 33.1%;\" align=\"center\"><div class=\"_df_thumb \" id=\"df_7267\"  wpoptions=\"true\" thumb=\"https:\/\/ea.aw\/catalog\/wp-content\/uploads\/2020\/04\/image-tarjetas-pequenas-tema-4-1.png\" >Brincamos &#8211; segunda grado &#8211; tema 4 &#8211; tarjetas pequenas<\/div><script data-cfasync=\"false\">var option_df_7267 = {\"outline\":[],\"forceFit\":\"true\",\"autoEnableOutline\":\"false\",\"autoEnableThumbnail\":\"false\",\"overwritePDFOutline\":\"false\",\"direction\":\"1\",\"pageMode\":\"0\",\"source\":\"https:\\\/\\\/ea.aw\\\/catalog\\\/wp-content\\\/uploads\\\/2020\\\/04\\\/Tarjetas-pegue\\u00f1as-tema-4.pdf\",\"wpOptions\":\"true\"}; if(window.DFLIP && DFLIP.parseBooks){DFLIP.parseBooks();}<\/script><\/p>\n<h3><a href=\"https:\/\/ea.aw\/catalog\/wp-content\/uploads\/2020\/04\/Tarjetas-pegue\u00f1as-tema-4.pdf\" target=\"_blank\" rel=\"noopener noreferrer\">Tarjetas peque\u00f1as<\/a><\/h3>\n<\/td>\n<td style=\"width: 33.1%;\" align=\"center\">\n<h3 style=\"text-align: left;\"><strong><span style=\"font-family: verdana,geneva,sans-serif; font-size: 12pt;\"><a href=\"https:\/\/ea.aw\/catalog\/wp-content\/uploads\/2020\/04\/Tema-4-Cancion-1-El-carpintero.mp4\">Cancion 1 &#8211; El carpintero <\/a><\/span><\/strong><\/h3>\n<p style=\"text-align: left;\"><strong><span style=\"font-family: verdana,geneva,sans-serif; font-size: 12pt;\"><a href=\"https:\/\/ea.aw\/catalog\/wp-content\/uploads\/2020\/04\/Tema-4-Cancion-2-Bob-el-constructor.mp4\">Cancion 2 &#8211; Bob el constructor<\/a><\/span><\/strong><\/p>\n<p style=\"text-align: left;\"><strong><span style=\"font-family: verdana,geneva,sans-serif; font-size: 12pt;\">Cuento 1 &#8211; Alg\u00fan d\u00eda ser\u00e9<\/span><\/strong><\/p>\n<p style=\"text-align: left;\"><strong><span style=\"font-family: verdana,geneva,sans-serif; font-size: 12pt;\">Cuento 2 &#8211; La profesora Sof\u00eda<\/span><\/strong><\/p>\n<p style=\"text-align: left;\"><strong><span style=\"font-family: verdana,geneva,sans-serif; font-size: 12pt;\">Rima 1 &#8211; Pancho el constructor\u00a0<\/span><\/strong><\/p>\n<p style=\"text-align: left;\"><a href=\"https:\/\/ea.aw\/catalog\/wp-content\/uploads\/2020\/04\/Tema4-Pelicula1-Unodostresajugar.mp4\"><span style=\"font-family: verdana,geneva,sans-serif; font-size: 12pt;\"><strong>Pelicula 1 &#8211; Uno, dos, tres a jugar<\/strong><\/span><\/a><\/p>\n<\/td>\n<\/tr>\n<\/tbody>\n<\/table>\n","protected":false},"excerpt":{"rendered":"<p>Manual\u00a0 Hojas de actividad Tableros Tarjetas medianas Tarjetas peque\u00f1as Cancion 1 &#8211; El carpintero Cancion 2 &#8211; Bob el constructor Cuento 1 &#8211; Alg\u00fan d\u00eda ser\u00e9 Cuento 2 &#8211; La profesora Sof\u00eda Rima 1 &#8211; Pancho el constructor\u00a0 Pelicula 1 &#8211; [&hellip;]<\/p>\n","protected":false},"author":242,"featured_media":119,"parent":7024,"menu_order":0,"comment_status":"closed","ping_status":"closed","template":"page-mainitem.php","meta":{"footnotes":""},"categories":[],"tags":[],"class_list":["post-7194","page","type-page","status-publish","has-post-thumbnail","hentry"],"_links":{"self":[{"href":"https:\/\/ea.aw\/catalog\/wp-json\/wp\/v2\/pages\/7194","targetHints":{"allow":["GET"]}}],"collection":[{"href":"https:\/\/ea.aw\/catalog\/wp-json\/wp\/v2\/pages"}],"about":[{"href":"https:\/\/ea.aw\/catalog\/wp-json\/wp\/v2\/types\/page"}],"author":[{"embeddable":true,"href":"https:\/\/ea.aw\/catalog\/wp-json\/wp\/v2\/users\/242"}],"replies":[{"embeddable":true,"href":"https:\/\/ea.aw\/catalog\/wp-json\/wp\/v2\/comments?post=7194"}],"version-history":[{"count":5,"href":"https:\/\/ea.aw\/catalog\/wp-json\/wp\/v2\/pages\/7194\/revisions"}],"predecessor-version":[{"id":7318,"href":"https:\/\/ea.aw\/catalog\/wp-json\/wp\/v2\/pages\/7194\/revisions\/7318"}],"up":[{"embeddable":true,"href":"https:\/\/ea.aw\/catalog\/wp-json\/wp\/v2\/pages\/7024"}],"wp:featuredmedia":[{"embeddable":true,"href":"https:\/\/ea.aw\/catalog\/wp-json\/wp\/v2\/media\/119"}],"wp:attachment":[{"href":"https:\/\/ea.aw\/catalog\/wp-json\/wp\/v2\/media?parent=7194"}],"wp:term":[{"taxonomy":"category","embeddable":true,"href":"https:\/\/ea.aw\/catalog\/wp-json\/wp\/v2\/categories?post=7194"},{"taxonomy":"post_tag","embeddable":true,"href":"https:\/\/ea.aw\/catalog\/wp-json\/wp\/v2\/tags?post=7194"}],"curies":[{"name":"wp","href":"https:\/\/api.w.org\/{rel}","templated":true}]}}