{"id":5151,"date":"2022-08-30T11:02:07","date_gmt":"2022-08-30T15:02:07","guid":{"rendered":"http:\/\/www.ea.aw\/catalog\/?page_id=5151"},"modified":"2022-12-14T07:22:27","modified_gmt":"2022-12-14T11:22:27","slug":"buki-di-lesa-12","status":"publish","type":"page","link":"https:\/\/ea.aw\/catalog\/buki-di-lesa-12\/","title":{"rendered":"Buki di lesa 12+"},"content":{"rendered":"<p>E bukinan di lesa aki ta skirbi pa autor local, regional y internacional, esta di Corsou, Sur America y Hulanda. Algun di e obranan ta skirbi na Papiamento y e otronan ta traduci for di Spa\u00f1o y Hulandes. Pakete di buki 1 ta destina pa e prome a\u00f1a di scol secundario. Pakete di buki 2 ta destina pa e alumnonan di di dos y di tres a\u00f1a di ense\u00f1ansa secundario. E di tres pakete ta destina pa e klasnan mas halto di scol secundario.<\/p>\n<p><a class=\"button password\" href=\"https:\/\/ea.aw\/catalog\/buki-di-lesa-12\/ana-1\/\">A\u00d1A 1<\/a><br \/>\n<a class=\"button password\" href=\"https:\/\/ea.aw\/catalog\/buki-di-lesa-12\/ana-2-y-3\/\">A\u00d1A 2 y 3<\/a><br \/>\n<a class=\"button password\" href=\"https:\/\/ea.aw\/catalog\/buki-di-lesa-12\/ana-4-5-y-6\/\">A\u00d1A 4, 5, 6<\/a><\/p>\n","protected":false},"excerpt":{"rendered":"<p>E bukinan di lesa aki ta skirbi pa autor local, regional y internacional, esta di Corsou, Sur America y Hulanda. Algun di e obranan ta skirbi na Papiamento y e otronan ta traduci for di Spa\u00f1o y Hulandes. Pakete di buki [&hellip;]<\/p>\n","protected":false},"author":242,"featured_media":5219,"parent":0,"menu_order":0,"comment_status":"closed","ping_status":"closed","template":"","meta":{"footnotes":""},"categories":[62,68],"tags":[],"class_list":["post-5151","page","type-page","status-publish","has-post-thumbnail","hentry","category-buki-di-lesa","category-edad-12"],"_links":{"self":[{"href":"https:\/\/ea.aw\/catalog\/wp-json\/wp\/v2\/pages\/5151","targetHints":{"allow":["GET"]}}],"collection":[{"href":"https:\/\/ea.aw\/catalog\/wp-json\/wp\/v2\/pages"}],"about":[{"href":"https:\/\/ea.aw\/catalog\/wp-json\/wp\/v2\/types\/page"}],"author":[{"embeddable":true,"href":"https:\/\/ea.aw\/catalog\/wp-json\/wp\/v2\/users\/242"}],"replies":[{"embeddable":true,"href":"https:\/\/ea.aw\/catalog\/wp-json\/wp\/v2\/comments?post=5151"}],"version-history":[{"count":6,"href":"https:\/\/ea.aw\/catalog\/wp-json\/wp\/v2\/pages\/5151\/revisions"}],"predecessor-version":[{"id":5207,"href":"https:\/\/ea.aw\/catalog\/wp-json\/wp\/v2\/pages\/5151\/revisions\/5207"}],"wp:featuredmedia":[{"embeddable":true,"href":"https:\/\/ea.aw\/catalog\/wp-json\/wp\/v2\/media\/5219"}],"wp:attachment":[{"href":"https:\/\/ea.aw\/catalog\/wp-json\/wp\/v2\/media?parent=5151"}],"wp:term":[{"taxonomy":"category","embeddable":true,"href":"https:\/\/ea.aw\/catalog\/wp-json\/wp\/v2\/categories?post=5151"},{"taxonomy":"post_tag","embeddable":true,"href":"https:\/\/ea.aw\/catalog\/wp-json\/wp\/v2\/tags?post=5151"}],"curies":[{"name":"wp","href":"https:\/\/api.w.org\/{rel}","templated":true}]}}