{"id":1779,"date":"2020-01-01T15:38:07","date_gmt":"2020-01-01T19:38:07","guid":{"rendered":"http:\/\/www.ea.aw\/catalog\/?page_id=1779"},"modified":"2022-12-14T06:52:32","modified_gmt":"2022-12-14T10:52:32","slug":"met-open-oren","status":"publish","type":"page","link":"https:\/\/ea.aw\/catalog\/met-open-oren\/","title":{"rendered":"Met open oren"},"content":{"rendered":"<p><img decoding=\"async\" class=\"alignnone size-full wp-image-1782\" src=\"https:\/\/ea.aw\/catalog\/wp-content\/uploads\/2019\/06\/metopenoren.png\" alt=\"\" width=\"300\" srcset=\"https:\/\/ea.aw\/catalog\/wp-content\/uploads\/2019\/06\/metopenoren.png 400w, https:\/\/ea.aw\/catalog\/wp-content\/uploads\/2019\/06\/metopenoren-300x69.png 300w\" sizes=\"(max-width: 400px) 100vw, 400px\" \/><\/p>\n<p>E buki Met open oren ta pa e maestronan cu kier sa mas tocante e didactica di si\u00f1a idioma stranhero. E buki ta ofrece un li\u00f1a didactico efectivo y ta motiva e alumno na momento di si\u00f1a e idioma.<\/p>\n<p>Met open oren no ta destina solamente pa e docente di Ingles, Hulandes, Spa\u00f1o cu ta duna les na mucha di 4 pa 8 a\u00f1a, pero e ta informacion adicional tambe pa preparacion di docente di idioma stranhero. Met open oren ta alabes pa e studiante cu ta den formacion pa bira maestro di scol preparatorio y basico, kende kier specialisa den idioma stranhero.<\/p>\n<p>Con adkisicion di idioma stranhero ta desaroya? Con ta crea un situacion optimal, den cual ta si\u00f1a un idioma nobo? Cua forma di traha ta apropia pa mucha jong? Con pa organisa adkisicion di idioma stranhero cu mucha jong? Esakinan ta algun pregunta cu e buki aki ta trata, saliendo for di nos contexto.<\/p>\n<table class=\"layout centered\" style=\"width: 100%;\" width=\"100%\">\n<tbody>\n<tr>\n<td style=\"width: 50%;\" align=\"center\" width=\"100%\"><div class=\"_df_thumb \" id=\"df_1788\"  wpoptions=\"true\" thumb=\"https:\/\/ea.aw\/catalog\/wp-content\/uploads\/2019\/06\/Kaft-Handboek-Met-open-oren.png\" >Met open open &#8211; Handboek<\/div><script data-cfasync=\"false\">var option_df_1788 = {\"outline\":[],\"height\":\"100%\",\"duration\":800,\"forceFit\":\"true\",\"autoEnableOutline\":\"false\",\"autoEnableThumbnail\":\"false\",\"overwritePDFOutline\":\"false\",\"direction\":\"1\",\"pageMode\":\"0\",\"source\":\"https:\\\/\\\/ea.aw\\\/catalog\\\/wp-content\\\/uploads\\\/2019\\\/06\\\/Metopenoren-handboek.pdf\",\"wpOptions\":\"true\"}; if(window.DFLIP && DFLIP.parseBooks){DFLIP.parseBooks();}<\/script><\/p>\n<h3><a href=\"https:\/\/ea.aw\/catalog\/wp-content\/uploads\/2019\/06\/Metopenoren-handboek.pdf\" target=\"_blank\" rel=\"noopener noreferrer\">Met open open &#8211; Handboek \u2013 PDF Formaat<\/a><\/h3>\n<\/td>\n<td style=\"width: 50%;\" align=\"center\" width=\"100%\"><div class=\"_df_thumb \" id=\"df_1790\"  wpoptions=\"true\" thumb=\"https:\/\/ea.aw\/catalog\/wp-content\/uploads\/2019\/06\/Kaft-Handboek-Met-open-oren.png\" >Met open open &#8211; Praktijkboek<\/div><script data-cfasync=\"false\">var option_df_1790 = {\"outline\":[],\"height\":\"100%\",\"duration\":800,\"forceFit\":\"true\",\"autoEnableOutline\":\"false\",\"autoEnableThumbnail\":\"false\",\"overwritePDFOutline\":\"false\",\"direction\":\"1\",\"pageMode\":\"0\",\"source\":\"https:\\\/\\\/ea.aw\\\/catalog\\\/wp-content\\\/uploads\\\/2019\\\/06\\\/Metopenoren-praktijkboek.pdf\",\"wpOptions\":\"true\"}; if(window.DFLIP && DFLIP.parseBooks){DFLIP.parseBooks();}<\/script><\/p>\n<h3><a href=\"https:\/\/ea.aw\/catalog\/wp-content\/uploads\/2019\/06\/Metopenoren-praktijkboek.pdf\" target=\"_blank\" rel=\"noopener noreferrer\">Met open open &#8211; Praktijkboek \u2013 PDF Formaat<\/a><\/h3>\n<\/td>\n<\/tr>\n<\/tbody>\n<\/table>\n","protected":false},"excerpt":{"rendered":"<p>E buki Met open oren ta pa e maestronan cu kier sa mas tocante e didactica di si\u00f1a idioma stranhero. E buki ta ofrece un li\u00f1a didactico efectivo y ta motiva e alumno na momento di si\u00f1a e idioma. Met open [&hellip;]<\/p>\n","protected":false},"author":261,"featured_media":1801,"parent":0,"menu_order":0,"comment_status":"closed","ping_status":"closed","template":"page-mainitem.php","meta":{"footnotes":""},"categories":[29,27,40,31],"tags":[],"class_list":["post-1779","page","type-page","status-publish","has-post-thumbnail","hentry","category-ensenansa-basico-special","category-ensenansa-preparatorio","category-metodo-di-idioma-hulandes-ensenansa-basico-special","category-metodo-di-idioma-hulandes"],"_links":{"self":[{"href":"https:\/\/ea.aw\/catalog\/wp-json\/wp\/v2\/pages\/1779","targetHints":{"allow":["GET"]}}],"collection":[{"href":"https:\/\/ea.aw\/catalog\/wp-json\/wp\/v2\/pages"}],"about":[{"href":"https:\/\/ea.aw\/catalog\/wp-json\/wp\/v2\/types\/page"}],"author":[{"embeddable":true,"href":"https:\/\/ea.aw\/catalog\/wp-json\/wp\/v2\/users\/261"}],"replies":[{"embeddable":true,"href":"https:\/\/ea.aw\/catalog\/wp-json\/wp\/v2\/comments?post=1779"}],"version-history":[{"count":8,"href":"https:\/\/ea.aw\/catalog\/wp-json\/wp\/v2\/pages\/1779\/revisions"}],"predecessor-version":[{"id":6869,"href":"https:\/\/ea.aw\/catalog\/wp-json\/wp\/v2\/pages\/1779\/revisions\/6869"}],"wp:featuredmedia":[{"embeddable":true,"href":"https:\/\/ea.aw\/catalog\/wp-json\/wp\/v2\/media\/1801"}],"wp:attachment":[{"href":"https:\/\/ea.aw\/catalog\/wp-json\/wp\/v2\/media?parent=1779"}],"wp:term":[{"taxonomy":"category","embeddable":true,"href":"https:\/\/ea.aw\/catalog\/wp-json\/wp\/v2\/categories?post=1779"},{"taxonomy":"post_tag","embeddable":true,"href":"https:\/\/ea.aw\/catalog\/wp-json\/wp\/v2\/tags?post=1779"}],"curies":[{"name":"wp","href":"https:\/\/api.w.org\/{rel}","templated":true}]}}