{"id":14133,"date":"2022-11-11T10:29:20","date_gmt":"2022-11-11T14:29:20","guid":{"rendered":"http:\/\/www.ea.aw\/catalog\/?page_id=14133"},"modified":"2022-11-11T10:29:43","modified_gmt":"2022-11-11T14:29:43","slug":"afval-een-kostbare-zaak","status":"publish","type":"page","link":"https:\/\/ea.aw\/catalog\/afval-een-kostbare-zaak\/","title":{"rendered":"Afval, een kostbare zaak"},"content":{"rendered":"<p>E buki <em>Afval (desperdicio), un asunto costoso( kostbare zaak)<\/em> ta un serie di les na Hulandes pa klas 4 te 6 di scol basico pa e\u00a0 area di formacion di Hende y Comunidad. E buki aki tin como meta pa si\u00f1a e alumno con e por duna un man na mantencion di nos medio ambiente. Nan ta si\u00f1a kico ta desperdicio y cuanto desperdicio Aruba ta produci. Nan ta si\u00f1a tambe cua ta e efectonan di desperdicio. E muchanan ta si\u00f1a cu e cuatro \u2018r\u2019nan, \u2018refuse\u2019, \u2018reduce\u2019, \u2018reuze\u2019 y \u2018recycle\u2019 por yuda reduci e efectonan di desperdicio. E buki ta ofrece lesnan atractivo y ta stimula e mucha pa reflexiona tocante desperdicio y con pa anda cu esaki na e miho forma.<span style=\"text-decoration: line-through;\"> \u00a0<\/span><\/p>\n<table class=\"layout centered restricted\" style=\"width: 100%; height: 105px;\" width=\"100%\">\n<tbody>\n<tr style=\"height: 105px;\">\n<td style=\"width: 33.33%; height: 105px;\" align=\"center\" width=\"100%\">\n<h3 style=\"text-align: center;\"><\/h3>\n<\/td>\n<td style=\"width: 33.33%; height: 105px;\">\n<p style=\"text-align: center;\"><div class=\"_df_thumb \" id=\"df_14130\"  wpoptions=\"true\" thumb=\"https:\/\/ea.aw\/catalog\/wp-content\/uploads\/2022\/11\/Afval-kaft.png\" >Afval, een kostbare zaak<\/div><script data-cfasync=\"false\">var option_df_14130 = {\"outline\":[],\"forceFit\":\"true\",\"autoEnableOutline\":\"false\",\"autoEnableThumbnail\":\"false\",\"overwritePDFOutline\":\"false\",\"direction\":\"1\",\"pageMode\":\"0\",\"source\":\"https:\\\/\\\/ea.aw\\\/catalog\\\/wp-content\\\/uploads\\\/2022\\\/11\\\/Afval.pdf\",\"wpOptions\":\"true\"}; if(window.DFLIP && DFLIP.parseBooks){DFLIP.parseBooks();}<\/script><\/p>\n<h3 style=\"text-align: center;\"><a href=\"https:\/\/ea.aw\/catalog\/wp-content\/uploads\/2022\/11\/Afval.pdf\">Afval, een kostbare zaak<\/a><\/h3>\n<\/td>\n<td style=\"width: 33.3%; height: 105px;\">\n<h3 style=\"text-align: center;\"><\/h3>\n<\/td>\n<\/tr>\n<\/tbody>\n<\/table>\n","protected":false},"excerpt":{"rendered":"<p>E buki Afval (desperdicio), un asunto costoso( kostbare zaak) ta un serie di les na Hulandes pa klas 4 te 6 di scol basico pa e\u00a0 area di formacion di Hende y Comunidad. E buki aki tin como meta pa si\u00f1a [&hellip;]<\/p>\n","protected":false},"author":242,"featured_media":14131,"parent":0,"menu_order":0,"comment_status":"closed","ping_status":"closed","template":"page-mainitem.php","meta":{"footnotes":""},"categories":[70],"tags":[],"class_list":["post-14133","page","type-page","status-publish","has-post-thumbnail","hentry","category-archivo"],"_links":{"self":[{"href":"https:\/\/ea.aw\/catalog\/wp-json\/wp\/v2\/pages\/14133","targetHints":{"allow":["GET"]}}],"collection":[{"href":"https:\/\/ea.aw\/catalog\/wp-json\/wp\/v2\/pages"}],"about":[{"href":"https:\/\/ea.aw\/catalog\/wp-json\/wp\/v2\/types\/page"}],"author":[{"embeddable":true,"href":"https:\/\/ea.aw\/catalog\/wp-json\/wp\/v2\/users\/242"}],"replies":[{"embeddable":true,"href":"https:\/\/ea.aw\/catalog\/wp-json\/wp\/v2\/comments?post=14133"}],"version-history":[{"count":2,"href":"https:\/\/ea.aw\/catalog\/wp-json\/wp\/v2\/pages\/14133\/revisions"}],"predecessor-version":[{"id":14135,"href":"https:\/\/ea.aw\/catalog\/wp-json\/wp\/v2\/pages\/14133\/revisions\/14135"}],"wp:featuredmedia":[{"embeddable":true,"href":"https:\/\/ea.aw\/catalog\/wp-json\/wp\/v2\/media\/14131"}],"wp:attachment":[{"href":"https:\/\/ea.aw\/catalog\/wp-json\/wp\/v2\/media?parent=14133"}],"wp:term":[{"taxonomy":"category","embeddable":true,"href":"https:\/\/ea.aw\/catalog\/wp-json\/wp\/v2\/categories?post=14133"},{"taxonomy":"post_tag","embeddable":true,"href":"https:\/\/ea.aw\/catalog\/wp-json\/wp\/v2\/tags?post=14133"}],"curies":[{"name":"wp","href":"https:\/\/api.w.org\/{rel}","templated":true}]}}